{"id":10195,"date":"2019-02-11T13:06:09","date_gmt":"2019-02-11T13:06:09","guid":{"rendered":"https:\/\/www.maximiliansrestaurant.es\/?page_id=10195"},"modified":"2019-02-11T13:54:48","modified_gmt":"2019-02-11T13:54:48","slug":"politica-de-privacidad","status":"publish","type":"page","link":"https:\/\/maximiliansrestaurant.es\/es\/politica-de-privacidad\/","title":{"rendered":"Pol\u00edtica de privacidad"},"content":{"rendered":"<div class=\"row\"  id=\"row-655821460\">\n\n\t<div id=\"col-25470480\" class=\"col small-12 large-12\"  >\n\t\t\t\t<div class=\"col-inner\"  >\n\t\t\t\n\t\t\t\n\t<div id=\"gap-1980662495\" class=\"gap-element clearfix\" style=\"display:block; height:auto;\">\n\t\t\n<style>\n#gap-1980662495 {\n  padding-top: 55px;\n}\n<\/style>\n\t<\/div>\n\t\n<p>Politica de privacidad<\/p>\n<p>Por favor, l\u00e9ala detenidamente esta pol\u00edtica de privacidad. En ella encontrar\u00e1 informaci\u00f3n importante sobre el tratamiento de sus datos personales y los derechos que le reconoce la normativa vigente en la materia.<\/p>\n<p>Nos reservamos el derecho de actualizar nuestra pol\u00edtica de privacidad en cualquier momento con motivo de decisiones empresariales, as\u00ed como para cumplir con eventuales cambios legislativos o jurisprudenciales. Si tiene dudas o necesita cualquier aclaraci\u00f3n respecto a nuestra Pol\u00edtica de privacidad o a sus derechos, puede contactar con nosotros a trav\u00e9s de los canales que se indican m\u00e1s abajo.<\/p>\n<p>Ud. manifiesta que los datos que nos facilite, ahora o en el futuro, son correctos y veraces y se compromete a comunicarnos cualquier modificaci\u00f3n de los mismos. En caso de proporcionar datos de car\u00e1cter personal de terceros, se compromete a obtener el consentimiento previo de los afectados y a informarles acerca del contenido de esta pol\u00edtica.<\/p>\n<p>De manera general, los campos de nuestros formularios que son se\u00f1alados como obligatorios, deber\u00e1n necesariamente ser cumplimentados para poder tramitar sus solicitudes.<\/p>\n<p>1.\u00bfQui\u00e9n es el responsable del tratamiento de sus datos? <strong>Maximilians Restaurant<\/strong> ofrece en esta web informaci\u00f3n acerca de su software especializado en gesti\u00f3n, venta y reservas para bares y restaurantes. Accediendo y utilizando esta web, usted acuerda obligarse a las condiciones que a continuaci\u00f3n se exponen, por lo que se le recomienda que lea cuidadosamente esta secci\u00f3n antes de iniciar su navegaci\u00f3n.<\/p>\n<p>El responsable del tratamiento de los datos personales recogidos en esta web es:<\/p>\n<p>Responsable:\u00a0<strong>Marpen 2001, SL<\/strong><br \/>\nTel\u00e9fono: 928 147 034<br \/>\nDirecci\u00f3n postal: C.C. Boulevard El Faro, L15, 35100 Faro de Maspalomas<br \/>\nCorreo electr\u00f3nico: booking@maximiliansrestaurant.com<br \/>\n2.\u00bfPara qu\u00e9 trataremos sus datos?Los datos de nuestros usuarios ser\u00e1n tratados para la gesti\u00f3n de la relaci\u00f3n con ellos, la atenci\u00f3n a sus solicitudes y consultas, la administraci\u00f3n y la gesti\u00f3n de la seguridad de la web y el cumplimiento de nuestras obligaciones legales. Dichos datos ser\u00e1n igualmente tratados para fines de anal\u00edticas y de mejora de la calidad de nuestros servicios. Asimismo, trataremos sus datos para el env\u00edo de comunicaciones comerciales por cualquier medio, incluidos medios electr\u00f3nicos.<\/p>\n<p>3.\u00bfCu\u00e1nto tiempo conservaremos sus datos? De manera general conservamos sus datos durante la vigencia de la relaci\u00f3n que mantiene con nosotros y en todo caso durante los plazos previstos en las disposiciones legales aplicables y durante el tiempo necesario para atender a posibles responsabilidades nacidas del tratamiento. Cancelaremos sus datos cuando hayan dejado de ser necesarios o pertinentes para las finalidades para las cuales fueron recabados. Los logs de acceso a \u00e1reas restringidas de la web se cancelar\u00e1n al mes de su creaci\u00f3n. Se cancelar\u00e1 la informaci\u00f3n relacionada con la navegaci\u00f3n, una vez finalizada la conexi\u00f3n web y realizadas las estad\u00edsticas. Los datos tratados con fines comerciales se conservar\u00e1n vigentes mientras no solicite su supresi\u00f3n.<\/p>\n<p>4.\u00bfA qui\u00e9n podemos comunicar sus datos? Sus datos s\u00f3lo ser\u00e1n comunicados a terceros por obligaci\u00f3n legal, con su consentimiento o cuando su petici\u00f3n implique tal comunicaci\u00f3n, en particular, les informamos de que, los datos incluidos en solicitudes de informaci\u00f3n podr\u00e1n ser remitidos al distribuidor oficial operante en su \u00e1rea geogr\u00e1fica, para la atenci\u00f3n de la misma.<\/p>\n<p>5.Base jur\u00eddica de los tratamientos. La base jur\u00eddica para el tratamiento de sus datos personales es la gesti\u00f3n de la relaci\u00f3n jur\u00eddica con nuestros usuarios, el cumplimiento de nuestras obligaciones legales, as\u00ed como nuestro inter\u00e9s leg\u00edtimo en gestionar la seguridad y la calidad de la web y promocionar nuestros servicios.<\/p>\n<p>6. \u00bfCu\u00e1les son sus derechos? ? Tiene derecho a obtener confirmaci\u00f3n de si estamos tratando o no sus datos personales y, en tal caso, acceder a los mismos. Puede igualmente pedir que sus datos sean rectificados cuando sean inexactos o a que se completen los datos que sean incompletos, as\u00ed como solicitar su supresi\u00f3n cuando, entre otros motivos, los datos ya no sean necesarios para los fines para los que fueron recogidos. En determinadas circunstancias, podr\u00e1 solicitar la limitaci\u00f3n del tratamiento de sus datos. En tal caso, s\u00f3lo trataremos los datos afectados para la formulaci\u00f3n, el ejercicio o la defensa de reclamaciones o con miras a la protecci\u00f3n de los derechos de otras personas. En determinadas condiciones y por motivos relacionados con su situaci\u00f3n particular, podr\u00e1 igualmente oponerse al tratamiento de sus datos. En este caso, dejaremos de tratar los datos salvo por motivos leg\u00edtimos imperiosos que prevalezcan sobre sus intereses o derechos y libertades, o para la formulaci\u00f3n, el ejercicio o la defensa de reclamaciones. As\u00ed mismo y bajo ciertas condiciones podr\u00e1 solicitar la portabilidad de sus datos para que sean transmitidos a otro responsable del tratamiento.<br \/>\nPuede revocar el consentimiento que hubiese prestado para determinadas finalidades, sin que ello afecte a la licitud del tratamiento basado en el consentimiento previo a su retirada, y presentar una reclamaci\u00f3n ante la Agencia Espa\u00f1ola de Protecci\u00f3n de Datos.<\/p>\n<p>Para solicitar su baja de los tratamientos con fines comerciales puede enviar un email a la siguiente direcci\u00f3n de correo electr\u00f3nico: info@maximiliansrestaurant.com<\/p>\n<p>Para ejercer sus derechos deber\u00e1 remitirnos una solicitud acompa\u00f1ada de una copia de su documento nacional de identidad u otro documento v\u00e1lido que le identifique por correo postal o electr\u00f3nico a las direcciones indicadas en el apartado \u00bfQui\u00e9n es el responsable del tratamiento de sus datos?<\/p>\n<p>Podr\u00e1 obtener m\u00e1s informaci\u00f3n sobre sus derechos y c\u00f3mo ejercerlos en la p\u00e1gina de la Agencia Espa\u00f1ola de Protecci\u00f3n de Datos en http:\/\/www.agpd.es<\/p>\n\t\t<\/div>\n\t\t\t\t\t<\/div>\n\n\t\n<\/div>\n","protected":false},"excerpt":{"rendered":"","protected":false},"author":6,"featured_media":0,"parent":0,"menu_order":0,"comment_status":"closed","ping_status":"closed","template":"page-blank.php","meta":{"footnotes":""},"class_list":["post-10195","page","type-page","status-publish","hentry"],"_links":{"self":[{"href":"https:\/\/maximiliansrestaurant.es\/es\/wp-json\/wp\/v2\/pages\/10195","targetHints":{"allow":["GET"]}}],"collection":[{"href":"https:\/\/maximiliansrestaurant.es\/es\/wp-json\/wp\/v2\/pages"}],"about":[{"href":"https:\/\/maximiliansrestaurant.es\/es\/wp-json\/wp\/v2\/types\/page"}],"author":[{"embeddable":true,"href":"https:\/\/maximiliansrestaurant.es\/es\/wp-json\/wp\/v2\/users\/6"}],"replies":[{"embeddable":true,"href":"https:\/\/maximiliansrestaurant.es\/es\/wp-json\/wp\/v2\/comments?post=10195"}],"version-history":[{"count":6,"href":"https:\/\/maximiliansrestaurant.es\/es\/wp-json\/wp\/v2\/pages\/10195\/revisions"}],"predecessor-version":[{"id":10205,"href":"https:\/\/maximiliansrestaurant.es\/es\/wp-json\/wp\/v2\/pages\/10195\/revisions\/10205"}],"wp:attachment":[{"href":"https:\/\/maximiliansrestaurant.es\/es\/wp-json\/wp\/v2\/media?parent=10195"}],"curies":[{"name":"wp","href":"https:\/\/api.w.org\/{rel}","templated":true}]}}