{"id":9742,"date":"2016-11-18T11:42:56","date_gmt":"2016-11-18T11:42:56","guid":{"rendered":"http:\/\/maximilians.ictperformance.es\/?page_id=9742&#038;lang=de"},"modified":"2025-03-17T10:51:26","modified_gmt":"2025-03-17T10:51:26","slug":"italienisches-restaurant-maspalomas","status":"publish","type":"page","link":"https:\/\/maximiliansrestaurant.es\/de\/","title":{"rendered":"Italienisches Restaurant Maspalomas"},"content":{"rendered":"\n\t<section class=\"section\" id=\"section_83271798\">\n\t\t<div class=\"section-bg fill\" >\n\t\t\t\t\t\t\t\t\t<div class=\"section-bg-overlay absolute fill\"><\/div>\n\t\t\t\n\n\t\t<\/div>\n\n\t\t\n\n\t\t<div class=\"section-content relative\">\n\t\t\t\n\n<div class=\"slider-wrapper relative\" id=\"slider-884007166\" >\n    <div class=\"slider slider-nav-circle slider-nav-large slider-nav-light slider-style-normal slider-show-nav\"\n        data-flickity-options='{\n            \"cellAlign\": \"center\",\n            \"imagesLoaded\": true,\n            \"lazyLoad\": 1,\n            \"freeScroll\": false,\n            \"wrapAround\": true,\n            \"autoPlay\": 6000,\n            \"pauseAutoPlayOnHover\" : true,\n            \"prevNextButtons\": true,\n            \"contain\" : true,\n            \"adaptiveHeight\" : true,\n            \"dragThreshold\" : 10,\n            \"percentPosition\": true,\n            \"pageDots\": true,\n            \"rightToLeft\": false,\n            \"draggable\": true,\n            \"selectedAttraction\": 0.1,\n            \"parallax\" : 0,\n            \"friction\": 0.6        }'\n        >\n        \n\n\n  <div class=\"banner has-hover\" id=\"banner-1203344889\">\n          <div class=\"banner-inner fill\">\n        <div class=\"banner-bg fill\" >\n            <img loading=\"lazy\" decoding=\"async\" width=\"2048\" height=\"1367\" src=\"https:\/\/maximiliansrestaurant.es\/wp-content\/uploads\/2022\/08\/italian-restaurant-maspalomas-01.jpg\" class=\"bg attachment-orginal size-orginal\" alt=\"Imagen de -\" title=\"- -\">                                    \n                    <\/div>\n\t\t\n        <div class=\"banner-layers container\">\n            <div class=\"fill banner-link\"><\/div>            \n\n   <div id=\"text-box-567176921\" class=\"text-box banner-layer x100 md-x100 lg-x100 y85 md-y85 lg-y85 res-text\">\n                                <div class=\"text-box-content text dark\">\n              \n              <div class=\"text-inner text-center\">\n                  \n\n<h1 class=\"uppercase\"><span style=\"font-size: 75%;\">MAXIMILIANS RESTAURANT<\/span><\/h1>\n\n              <\/div>\n           <\/div>\n                            \n<style>\n#text-box-567176921 {\n  width: 60%;\n}\n#text-box-567176921 .text-box-content {\n  font-size: 100%;\n}\n<\/style>\n    <\/div>\n \n\n        <\/div>\n      <\/div>\n\n            \n<style>\n#banner-1203344889 {\n  padding-top: 500px;\n}\n#banner-1203344889 .banner-bg img {\n  object-position: 60% 54%;\n}\n<\/style>\n  <\/div>\n\n\n\n  <div class=\"banner has-hover\" id=\"banner-1319623648\">\n          <div class=\"banner-inner fill\">\n        <div class=\"banner-bg fill\" >\n            <img loading=\"lazy\" decoding=\"async\" width=\"2048\" height=\"1367\" src=\"https:\/\/maximiliansrestaurant.es\/wp-content\/uploads\/2022\/08\/italian-restaurant-maspalomas-03.jpg\" class=\"bg attachment-orginal size-orginal\" alt=\"Imagen de -\" title=\"- -\">                                    \n                    <\/div>\n\t\t\n        <div class=\"banner-layers container\">\n            <div class=\"fill banner-link\"><\/div>            \n\n   <div id=\"text-box-1051973797\" class=\"text-box banner-layer x50 md-x50 lg-x50 y50 md-y50 lg-y50 res-text\">\n                                <div class=\"text-box-content text dark\">\n              \n              <div class=\"text-inner text-center\">\n                  \n\n<h1 class=\"uppercase\"><span style=\"font-size: 75%;\">MAXIMILIANS RESTAURANT<\/span><\/h1>\n\n              <\/div>\n           <\/div>\n                            \n<style>\n#text-box-1051973797 {\n  width: 60%;\n}\n#text-box-1051973797 .text-box-content {\n  font-size: 100%;\n}\n@media (min-width:550px) {\n  #text-box-1051973797 {\n    width: 40%;\n  }\n}\n<\/style>\n    <\/div>\n \n\n        <\/div>\n      <\/div>\n\n            \n<style>\n#banner-1319623648 {\n  padding-top: 500px;\n  background-color: rgb(255, 255, 255);\n}\n#banner-1319623648 .banner-bg img {\n  object-position: 49% 90%;\n}\n<\/style>\n  <\/div>\n\n\n\n  <div class=\"banner has-hover\" id=\"banner-1090475294\">\n          <div class=\"banner-inner fill\">\n        <div class=\"banner-bg fill\" >\n            <img loading=\"lazy\" decoding=\"async\" width=\"2048\" height=\"1367\" src=\"https:\/\/maximiliansrestaurant.es\/wp-content\/uploads\/2022\/08\/italian-restaurant-maspalomas-04.jpg\" class=\"bg attachment-orginal size-orginal\" alt=\"Imagen de -\" title=\"- -\">                                    \n                    <\/div>\n\t\t\n        <div class=\"banner-layers container\">\n            <div class=\"fill banner-link\"><\/div>            \n\n   <div id=\"text-box-1719894636\" class=\"text-box banner-layer x100 md-x100 lg-x100 y85 md-y85 lg-y85 res-text\">\n                                <div class=\"text-box-content text dark\">\n              \n              <div class=\"text-inner text-center\">\n                  \n\n<h1 class=\"uppercase\"><span style=\"font-size: 75%;\">MAXIMILIANS RESTAURANT<\/span><\/h1>\n\n              <\/div>\n           <\/div>\n                            \n<style>\n#text-box-1719894636 {\n  width: 60%;\n}\n#text-box-1719894636 .text-box-content {\n  font-size: 100%;\n}\n<\/style>\n    <\/div>\n \n\n        <\/div>\n      <\/div>\n\n            \n<style>\n#banner-1090475294 {\n  padding-top: 500px;\n}\n#banner-1090475294 .banner-bg img {\n  object-position: 51% 49%;\n}\n<\/style>\n  <\/div>\n\n\n\n  <div class=\"banner has-hover\" id=\"banner-456583628\">\n          <div class=\"banner-inner fill\">\n        <div class=\"banner-bg fill\" >\n            <img loading=\"lazy\" decoding=\"async\" width=\"2048\" height=\"1367\" src=\"https:\/\/maximiliansrestaurant.es\/wp-content\/uploads\/2022\/08\/italian-restaurant-maspalomas-02.jpg\" class=\"bg attachment-orginal size-orginal\" alt=\"Imagen de -\" title=\"- -\">                                    \n                    <\/div>\n\t\t\n        <div class=\"banner-layers container\">\n            <div class=\"fill banner-link\"><\/div>            \n\n   <div id=\"text-box-1914538314\" class=\"text-box banner-layer x100 md-x100 lg-x100 y85 md-y85 lg-y85 res-text\">\n                                <div class=\"text-box-content text dark\">\n              \n              <div class=\"text-inner text-center\">\n                  \n\n<h1 class=\"uppercase\"><span style=\"font-size: 75%;\">MAXIMILIANS RESTAURANT<\/span><\/h1>\n\n              <\/div>\n           <\/div>\n                            \n<style>\n#text-box-1914538314 {\n  width: 60%;\n}\n#text-box-1914538314 .text-box-content {\n  font-size: 100%;\n}\n<\/style>\n    <\/div>\n \n\n        <\/div>\n      <\/div>\n\n            \n<style>\n#banner-456583628 {\n  padding-top: 500px;\n}\n#banner-456583628 .banner-bg img {\n  object-position: 47% 0%;\n}\n<\/style>\n  <\/div>\n\n\n\n     <\/div>\n\n     <div class=\"loading-spin dark large centered\"><\/div>\n\n\t<\/div>\n\n\n<div class=\"row row-large align-middle\"  id=\"row-612140908\">\n\n\n\t<div id=\"col-2022709442\" class=\"col medium-6 small-12 large-6\"  >\n\t\t\t\t<div class=\"col-inner\"  >\n\t\t\t\n\t\t\t\n\n<h2><span style=\"font-size: 105%;\">Ein klassisches italienisches Restaurant<\/span><\/h2>\n<p><span style=\"font-size: 100%;\">Authentisches und frisches italienisches Essen, das Sie genie\u00dfen k\u00f6nnen.<\/span><\/p>\n\n\t\t<\/div>\n\t\t\t\t\t<\/div>\n\n\t\n\n\t<div id=\"col-13211628\" class=\"col medium-6 small-12 large-6\"  data-animate=\"flipInY\">\n\t\t\t\t<div class=\"col-inner text-left\"  >\n\t\t\t\n\t\t\t\n\n\t<div class=\"img has-hover x md-x lg-x y md-y lg-y\" id=\"image_1776148386\">\n\t\t\t\t\t\t\t\t<div class=\"img-inner image-fade-out image-cover dark\" style=\"padding-top:56.25%;\">\n\t\t\t<img loading=\"lazy\" decoding=\"async\" width=\"1020\" height=\"681\" src=\"https:\/\/maximiliansrestaurant.es\/wp-content\/uploads\/2022\/08\/italian-restaurant-maspalomas-02-1199x800.jpg\" class=\"attachment-large size-large\" alt=\"Imagen de -\" srcset=\"https:\/\/maximiliansrestaurant.es\/wp-content\/uploads\/2022\/08\/italian-restaurant-maspalomas-02-1199x800.jpg 1199w, https:\/\/maximiliansrestaurant.es\/wp-content\/uploads\/2022\/08\/italian-restaurant-maspalomas-02-599x400.jpg 599w, https:\/\/maximiliansrestaurant.es\/wp-content\/uploads\/2022\/08\/italian-restaurant-maspalomas-02-768x513.jpg 768w, https:\/\/maximiliansrestaurant.es\/wp-content\/uploads\/2022\/08\/italian-restaurant-maspalomas-02-1536x1025.jpg 1536w, https:\/\/maximiliansrestaurant.es\/wp-content\/uploads\/2022\/08\/italian-restaurant-maspalomas-02.jpg 2048w\" sizes=\"auto, (max-width: 1020px) 100vw, 1020px\" title=\"- -\">\t\t\t\t\t\t\n\t\t\t\t\t<\/div>\n\t\t\t\t\t\t\t\t\n<style>\n#image_1776148386 {\n  width: 100%;\n}\n<\/style>\n\t<\/div>\n\t\n\n\n\t\t<\/div>\n\t\t\t\t\t<\/div>\n\n\t\n\n<\/div>\n<div class=\"row row-large align-middle\"  id=\"row-710500641\">\n\n\n\t<div id=\"col-764792002\" class=\"col medium-6 small-12 large-6\"  >\n\t\t\t\t<div class=\"col-inner\"  >\n\t\t\t\n\t\t\t\n\n\t<div class=\"img has-hover x md-x lg-x y md-y lg-y\" id=\"image_717844607\">\n\t\t\t\t\t\t\t\t<div class=\"img-inner image-fade-out image-cover dark\" style=\"padding-top:56.25%;\">\n\t\t\t<img loading=\"lazy\" decoding=\"async\" width=\"1020\" height=\"679\" src=\"https:\/\/maximiliansrestaurant.es\/wp-content\/uploads\/2023\/09\/maximilians-restaurante-italiano-maspalomas.jpeg\" class=\"attachment-large size-large\" alt=\"Imagen de -\" srcset=\"https:\/\/maximiliansrestaurant.es\/wp-content\/uploads\/2023\/09\/maximilians-restaurante-italiano-maspalomas.jpeg 1024w, https:\/\/maximiliansrestaurant.es\/wp-content\/uploads\/2023\/09\/maximilians-restaurante-italiano-maspalomas-601x400.jpeg 601w, https:\/\/maximiliansrestaurant.es\/wp-content\/uploads\/2023\/09\/maximilians-restaurante-italiano-maspalomas-768x512.jpeg 768w\" sizes=\"auto, (max-width: 1020px) 100vw, 1020px\" title=\"- -\">\t\t\t\t\t\t\n\t\t\t\t\t<\/div>\n\t\t\t\t\t\t\t\t\n<style>\n#image_717844607 {\n  width: 100%;\n}\n<\/style>\n\t<\/div>\n\t\n\n\n\t\t<\/div>\n\t\t\t\t\t<\/div>\n\n\t\n\n\t<div id=\"col-1619887593\" class=\"col medium-6 small-12 large-6\"  data-animate=\"flipInY\">\n\t\t\t\t<div class=\"col-inner text-left\"  >\n\t\t\t\n\t\t\t\n\n<h2><span style=\"font-size: 105%;\">Atemberaubende Aussichten<\/span><\/h2>\n<p><span style=\"font-size: 100%;\">Exklusiver Blick auf den Leuchtturm von Maspalomas und das Meer.<\/span><\/p>\n\n\t\t<\/div>\n\t\t\t\t\t<\/div>\n\n\t\n\n<\/div>\n\n\t\t<\/div>\n\n\t\t\n<style>\n#section_83271798 {\n  padding-top: 0px;\n  padding-bottom: 0px;\n}\n#section_83271798 .section-bg-overlay {\n  background-color: rgba(255, 255, 255, 0.85);\n}\n<\/style>\n\t<\/section>\n\t\n\n\t<section class=\"section\" id=\"section_1169572056\">\n\t\t<div class=\"section-bg fill\" >\n\t\t\t\t\t\t\t\t\t<div class=\"section-bg-overlay absolute fill\"><\/div>\n\t\t\t\n\n\t\t<\/div>\n\n\t\t\n\n\t\t<div class=\"section-content relative\">\n\t\t\t\n\n<div class=\"row row-collapse align-middle\"  id=\"row-1525529695\">\n\n\n\t<div id=\"col-499773755\" class=\"col medium-6 small-12 large-6\"  data-animate=\"flipInY\">\n\t\t\t\t<div class=\"col-inner text-center\"  >\n\t\t\t\n\t\t\t\n\n<h2><span style=\"font-size: 105%;\">Eine gro\u00dfe Auswahl an Weinen und Champagnern<\/span><\/h2>\n<p><span style=\"font-size: 100%;\">Genie\u00dfen Sie unsere Auswahl an spanischen und italienischen Weinen.<\/span><\/p>\n\n\t\t<\/div>\n\t\t\t\t\n<style>\n#col-499773755 > .col-inner {\n  padding: 10% 10% 10% 10%;\n  max-width: 520px;\n}\n<\/style>\n\t<\/div>\n\n\t\n\n\t<div id=\"col-199671273\" class=\"col medium-6 small-12 large-6\"  >\n\t\t\t\t<div class=\"col-inner\"  >\n\t\t\t\n\t\t\t\n\n\t<div class=\"img has-hover x md-x lg-x y md-y lg-y\" id=\"image_282813175\">\n\t\t\t\t\t\t\t\t<div class=\"img-inner image-fade-out image-cover dark\" style=\"padding-top:56.25%;\">\n\t\t\t<img loading=\"lazy\" decoding=\"async\" width=\"831\" height=\"800\" src=\"https:\/\/maximiliansrestaurant.es\/wp-content\/uploads\/2017\/01\/IMG_20160307_191812-831x800.jpg\" class=\"attachment-large size-large\" alt=\"Imagen de -\" srcset=\"https:\/\/maximiliansrestaurant.es\/wp-content\/uploads\/2017\/01\/IMG_20160307_191812-831x800.jpg 831w, https:\/\/maximiliansrestaurant.es\/wp-content\/uploads\/2017\/01\/IMG_20160307_191812-416x400.jpg 416w, https:\/\/maximiliansrestaurant.es\/wp-content\/uploads\/2017\/01\/IMG_20160307_191812-768x739.jpg 768w, https:\/\/maximiliansrestaurant.es\/wp-content\/uploads\/2017\/01\/IMG_20160307_191812-e1484925110527.jpg 550w\" sizes=\"auto, (max-width: 831px) 100vw, 831px\" title=\"- -\">\t\t\t\t\t\t\n\t\t\t\t\t<\/div>\n\t\t\t\t\t\t\t\t\n<style>\n#image_282813175 {\n  width: 100%;\n}\n<\/style>\n\t<\/div>\n\t\n\n\n\t\t<\/div>\n\t\t\t\t\t<\/div>\n\n\t\n\n<\/div>\n\t<div id=\"gap-331017534\" class=\"gap-element clearfix\" style=\"display:block; height:auto;\">\n\t\t\n<style>\n#gap-331017534 {\n  padding-top: 44px;\n}\n<\/style>\n\t<\/div>\n\t\n\n<div class=\"row align-center\"  id=\"row-1072563545\">\n\n\n\t<div id=\"col-577837711\" class=\"col medium-2 small-6 large-2\"  >\n\t\t\t\t<div class=\"col-inner text-center\"  >\n\t\t\t\n\t\t\t\n\n<div id=\"TA_certificateOfExcellence828\" class=\"TA_certificateOfExcellence\">\n<ul id=\"EU8tIUTpK\" class=\"TA_links yogGW3yG0\">\n<li id=\"qklZIQF1I\" class=\"wjsbw53Ic\"><a href=\"https:\/\/www.tripadvisor.es\/Restaurant_Review-g2089121-d1949772-Reviews-Maximilians_Restaurant_Pizza_Pasta_Boulevard_El_Faro-Meloneras_Gran_Canaria_Cana.html\" target=\"_blank\" rel=\"noopener noreferrer\"><img decoding=\"async\" id=\"CDSWIDCOELOGO\" class=\"widCOEImg\" src=\"https:\/\/www.tripadvisor.es\/img\/cdsi\/img2\/awards\/CoE2017_WidgetAsset-14348-2.png\" alt=\"TripAdvisor\" title=\"- -\"><\/a><\/li>\n<\/ul>\n<\/div>\n<p><script src=\"https:\/\/www.jscache.com\/wejs?wtype=certificateOfExcellence&#038;uniq=828&#038;locationId=1949772&#038;lang=es&#038;year=2017&#038;display_version=2\"><\/script><\/p>\n\n\t\t<\/div>\n\t\t\t\t\t<\/div>\n\n\t\n\n\t<div id=\"col-2015247210\" class=\"col medium-2 small-12 large-2\"  >\n\t\t\t\t<div class=\"col-inner text-center\"  >\n\t\t\t\n\t\t\t\n\n<p><a href=\"https:\/\/360group.es\/empresas\/maximiliansrestaurant\/\" target=\"_blank\" rel=\"noopener\"><img decoding=\"async\" src=\"https:\/\/360group.es\/img\/360certificado.png\" alt=\"360Zertifikat\" width=\"84px\" title=\"- -\"><\/a><\/p>\n\n\t\t<\/div>\n\t\t\t\t\n<style>\n#col-2015247210 > .col-inner {\n  padding: 24px 0px 24px 0px;\n}\n<\/style>\n\t<\/div>\n\n\t\n\n\t<div id=\"col-281089225\" class=\"col medium-2 small-6 large-2\"  >\n\t\t\t\t<div class=\"col-inner text-center\"  >\n\t\t\t\n\t\t\t\n\n<link href=\"https:\/\/awards.infcdn.net\/rect5_n.css\" rel=\"stylesheet\"\/>\n<div id=\"rest_rect5\" onclick=\"if(event.target.nodeName.toLowerCase() != 'a') {window.open(this.querySelector('.rect_top_title').href);return 0;}\"> <a href=\"https:\/\/es.restaurantguru.com\/Maximilians-Maspalomas\" class=\"rect_top_title\" target=\"_blank\" rel=\"noopener\">Maximilians Restaurant. Pizza&#038;Pasta.Boulevard El Faro <\/a> \n<div class=\"rect_cont\">\n<div>\n<div class=\"rect_star\" style=\"background: url('https:\/\/awards.infcdn.net\/img\/star_white.svg') no-repeat center\"> <\/div>\n<p> <span>Recomendado<\/span> <\/p><\/div>\n\n<\/div>\n<p> <a href=\"https:\/\/restaurantguru.com\" target=\"_blank\" class=\"rect_bot\" rel=\"noopener\">Restaurant-Guru 2022<\/a><\/p><\/div>\n\n\t\t<\/div>\n\t\t\t\t\n<style>\n#col-281089225 > .col-inner {\n  padding: 32px 0px 24px 0px;\n}\n<\/style>\n\t<\/div>\n\n\t\n\n<\/div>\n\t<div id=\"gap-436477707\" class=\"gap-element clearfix\" style=\"display:block; height:auto;\">\n\t\t\n<style>\n#gap-436477707 {\n  padding-top: 22px;\n}\n<\/style>\n\t<\/div>\n\t\n\n<div class=\"row row-full-width\"  id=\"row-438917623\">\n\n\n\t<div id=\"col-1556164699\" class=\"col medium-4 small-12 large-4\"  >\n\t\t\t\t<div class=\"col-inner\"  >\n\t\t\t\n\t\t\t\n\n  <div class=\"icon-box testimonial-box icon-box-center text-center\">\n                <div class=\"icon-box-img testimonial-image circle\" style=\"width: 121px\">\n                      <\/div>\n                <div class=\"icon-box-text p-last-0\">\n          <div class=\"star-rating\"><span style=\"width:100%\"><strong class=\"rating\"><\/strong><\/span><\/div>  \t\t\t\t<div class=\"testimonial-text line-height-small italic test_text first-reset last-reset is-italic\">\n            \n\n<p><span style=\"font-size: 100%;\">Unglaublicher Blick auf das Meer in der Abendd\u00e4mmerung, mit sehr gutem Service f\u00fcr den Kunden und einem unschlagbaren Essen. Vielen Dank f\u00fcr die Erfahrung. <\/span><\/p>\n\n          <\/div>\n          <div class=\"testimonial-meta pt-half\">\n             <strong class=\"testimonial-name test_name\">Carlos Alberto<\/strong>\n             <span class=\"testimonial-name-divider\"> \/ <\/span>             <span class=\"testimonial-company test_company\">Facebook<\/span>\n          <\/div>\n        <\/div>\n  <\/div>\n\n  \n\n\t\t<\/div>\n\t\t\t\t\t<\/div>\n\n\t\n\n\t<div id=\"col-991460143\" class=\"col medium-4 small-12 large-4\"  >\n\t\t\t\t<div class=\"col-inner\"  >\n\t\t\t\n\t\t\t\n\n  <div class=\"icon-box testimonial-box icon-box-center text-center\">\n                <div class=\"icon-box-img testimonial-image circle\" style=\"width: 121px\">\n                      <\/div>\n                <div class=\"icon-box-text p-last-0\">\n          <div class=\"star-rating\"><span style=\"width:75%\"><strong class=\"rating\"><\/strong><\/span><\/div>  \t\t\t\t<div class=\"testimonial-text line-height-small italic test_text first-reset last-reset is-italic\">\n            \n\n<div class=\"e-box h-p2 -stacked -radius-none\">\n<p class=\"t-body h-my1\"><span style=\"font-size: 100%;\">Eines der besten italienischen Restaurants der Insel. Ich empfehle es allen, die ein gutes und ruhiges italienisches Restaurant suchen. <\/span><\/p>\n<\/div>\n\n          <\/div>\n          <div class=\"testimonial-meta pt-half\">\n             <strong class=\"testimonial-name test_name\">Marcos Jance<\/strong>\n             <span class=\"testimonial-name-divider\"> \/ <\/span>             <span class=\"testimonial-company test_company\">Twitter<\/span>\n          <\/div>\n        <\/div>\n  <\/div>\n\n  \n\n\t\t<\/div>\n\t\t\t\t\t<\/div>\n\n\t\n\n\t<div id=\"col-584403887\" class=\"col medium-4 small-12 large-4\"  >\n\t\t\t\t<div class=\"col-inner\"  >\n\t\t\t\n\t\t\t\n\n  <div class=\"icon-box testimonial-box icon-box-center text-center\">\n                <div class=\"icon-box-img testimonial-image circle\" style=\"width: 121px\">\n                      <\/div>\n                <div class=\"icon-box-text p-last-0\">\n          <div class=\"star-rating\"><span style=\"width:100%\"><strong class=\"rating\"><\/strong><\/span><\/div>  \t\t\t\t<div class=\"testimonial-text line-height-small italic test_text first-reset last-reset is-italic\">\n            \n\n<p><span style=\"font-size: 100%;\">Sehr guter Kundenservice. Das Essen und der Wein waren auch perfekt. Es lohnt sich, die Insel zum Abendessen in diesem Restaurant zu erkunden.  <\/span><\/p>\n\n          <\/div>\n          <div class=\"testimonial-meta pt-half\">\n             <strong class=\"testimonial-name test_name\">Sandra Ojeda<\/strong>\n             <span class=\"testimonial-name-divider\"> \/ <\/span>             <span class=\"testimonial-company test_company\">Facebook<\/span>\n          <\/div>\n        <\/div>\n  <\/div>\n\n  \n\n\t\t<\/div>\n\t\t\t\t\t<\/div>\n\n\t\n\n<\/div>\n\n\t\t<\/div>\n\n\t\t\n<style>\n#section_1169572056 {\n  padding-top: 0px;\n  padding-bottom: 0px;\n  background-color: rgb(247, 247, 247);\n}\n#section_1169572056 .section-bg-overlay {\n  background-color: rgba(255, 255, 255, 0.85);\n}\n<\/style>\n\t<\/section>\n\t\n<div class=\"row row-collapse row-full-width\"  id=\"row-65633562\">\n\n\n\t<div id=\"col-1036789274\" class=\"col medium-4 small-12 large-4\"  >\n\t\t\t\t<div class=\"col-inner\"  >\n\t\t\t\n\t\t\t\n\n\n  <div class=\"banner has-hover bg-zoom-fade\" id=\"banner-327140741\">\n          <div class=\"banner-inner fill\">\n        <div class=\"banner-bg fill\" >\n            <img loading=\"lazy\" decoding=\"async\" width=\"1020\" height=\"681\" src=\"https:\/\/maximiliansrestaurant.es\/wp-content\/uploads\/2022\/08\/italian-restaurant-maspalomas-02-1199x800.jpg\" class=\"bg attachment-large size-large\" alt=\"Imagen de -\" title=\"- -\">                        <div class=\"overlay\"><\/div>            \n                    <\/div>\n\t\t\n        <div class=\"banner-layers container\">\n            <div class=\"fill banner-link\"><\/div>            \n\n   <div id=\"text-box-2111840738\" class=\"text-box banner-layer x50 md-x50 lg-x50 y50 md-y50 lg-y50 res-text\">\n                                <div class=\"text-box-content text dark\">\n              \n              <div class=\"text-inner text-center\">\n                  \n\n\n              <\/div>\n           <\/div>\n                            \n<style>\n#text-box-2111840738 {\n  width: 60%;\n}\n#text-box-2111840738 .text-box-content {\n  font-size: 100%;\n}\n@media (min-width:550px) {\n  #text-box-2111840738 {\n    width: 40%;\n  }\n}\n<\/style>\n    <\/div>\n \n\n        <\/div>\n      <\/div>\n\n            \n<style>\n#banner-327140741 {\n  padding-top: 250px;\n  background-color: #1486B7;\n}\n#banner-327140741 .overlay {\n  background-color: rgba(0, 0, 0, 0.37);\n}\n#banner-327140741 .banner-bg img {\n  object-position: 42% 18%;\n}\n<\/style>\n  <\/div>\n\n\n\n\t\t<\/div>\n\t\t\t\t\t<\/div>\n\n\t\n\n\t<div id=\"col-1703810557\" class=\"col medium-4 small-12 large-4\"  >\n\t\t\t\t<div class=\"col-inner\"  >\n\t\t\t\n\t\t\t\n\n\n  <div class=\"banner has-hover bg-zoom-fade\" id=\"banner-773800227\">\n          <div class=\"banner-inner fill\">\n        <div class=\"banner-bg fill\" >\n            <img loading=\"lazy\" decoding=\"async\" width=\"601\" height=\"400\" src=\"https:\/\/maximiliansrestaurant.es\/wp-content\/uploads\/2023\/09\/maximilians-restaurante-italiano-maspalomas-601x400.jpeg\" class=\"bg attachment-medium size-medium\" alt=\"Imagen de -\" title=\"- -\">                        <div class=\"overlay\"><\/div>            \n                    <\/div>\n\t\t\n        <div class=\"banner-layers container\">\n            <div class=\"fill banner-link\"><\/div>            \n\n   <div id=\"text-box-1128826530\" class=\"text-box banner-layer x50 md-x50 lg-x50 y50 md-y50 lg-y50 res-text\">\n                                <div class=\"text-box-content text dark\">\n              \n              <div class=\"text-inner text-center\">\n                  \n\n\n              <\/div>\n           <\/div>\n                            \n<style>\n#text-box-1128826530 {\n  width: 60%;\n}\n#text-box-1128826530 .text-box-content {\n  font-size: 100%;\n}\n@media (min-width:550px) {\n  #text-box-1128826530 {\n    width: 40%;\n  }\n}\n<\/style>\n    <\/div>\n \n\n        <\/div>\n      <\/div>\n\n            \n<style>\n#banner-773800227 {\n  padding-top: 250px;\n  background-color: #C1C1C1;\n}\n#banner-773800227 .overlay {\n  background-color: rgba(0, 0, 0, 0.31);\n}\n#banner-773800227 .banner-bg img {\n  object-position: 50% 57%;\n}\n<\/style>\n  <\/div>\n\n\n\n\t\t<\/div>\n\t\t\t\t\t<\/div>\n\n\t\n\n\t<div id=\"col-599815032\" class=\"col medium-4 small-12 large-4\"  >\n\t\t\t\t<div class=\"col-inner\"  >\n\t\t\t\n\t\t\t\n\n\n  <div class=\"banner has-hover bg-zoom-fade\" id=\"banner-1439126803\">\n          <div class=\"banner-inner fill\">\n        <div class=\"banner-bg fill\" >\n            <img loading=\"lazy\" decoding=\"async\" width=\"960\" height=\"640\" src=\"https:\/\/maximiliansrestaurant.es\/wp-content\/uploads\/2016\/10\/glasses-262382_960_720.jpg\" class=\"bg attachment-large size-large\" alt=\"Imagen de -\" title=\"- -\">                        <div class=\"overlay\"><\/div>            \n                    <\/div>\n\t\t\n        <div class=\"banner-layers container\">\n            <div class=\"fill banner-link\"><\/div>            \n\n   <div id=\"text-box-2017088193\" class=\"text-box banner-layer x50 md-x50 lg-x50 y50 md-y50 lg-y50 res-text\">\n                                <div class=\"text-box-content text dark\">\n              \n              <div class=\"text-inner text-center\">\n                  \n\n\n              <\/div>\n           <\/div>\n                            \n<style>\n#text-box-2017088193 {\n  width: 60%;\n}\n#text-box-2017088193 .text-box-content {\n  font-size: 100%;\n}\n@media (min-width:550px) {\n  #text-box-2017088193 {\n    width: 40%;\n  }\n}\n<\/style>\n    <\/div>\n \n\n        <\/div>\n      <\/div>\n\n            \n<style>\n#banner-1439126803 {\n  padding-top: 250px;\n}\n#banner-1439126803 .overlay {\n  background-color: rgba(0, 0, 0, 0.18);\n}\n#banner-1439126803 .banner-bg img {\n  object-position: 52% 100%;\n}\n<\/style>\n  <\/div>\n\n\n\n\t\t<\/div>\n\t\t\t\t\t<\/div>\n\n\t\n\n<\/div>","protected":false},"excerpt":{"rendered":"","protected":false},"author":6,"featured_media":0,"parent":0,"menu_order":5,"comment_status":"closed","ping_status":"closed","template":"page-blank.php","meta":{"footnotes":""},"class_list":["post-9742","page","type-page","status-publish","hentry"],"_links":{"self":[{"href":"https:\/\/maximiliansrestaurant.es\/de\/wp-json\/wp\/v2\/pages\/9742","targetHints":{"allow":["GET"]}}],"collection":[{"href":"https:\/\/maximiliansrestaurant.es\/de\/wp-json\/wp\/v2\/pages"}],"about":[{"href":"https:\/\/maximiliansrestaurant.es\/de\/wp-json\/wp\/v2\/types\/page"}],"author":[{"embeddable":true,"href":"https:\/\/maximiliansrestaurant.es\/de\/wp-json\/wp\/v2\/users\/6"}],"replies":[{"embeddable":true,"href":"https:\/\/maximiliansrestaurant.es\/de\/wp-json\/wp\/v2\/comments?post=9742"}],"version-history":[{"count":30,"href":"https:\/\/maximiliansrestaurant.es\/de\/wp-json\/wp\/v2\/pages\/9742\/revisions"}],"predecessor-version":[{"id":28909,"href":"https:\/\/maximiliansrestaurant.es\/de\/wp-json\/wp\/v2\/pages\/9742\/revisions\/28909"}],"wp:attachment":[{"href":"https:\/\/maximiliansrestaurant.es\/de\/wp-json\/wp\/v2\/media?parent=9742"}],"curies":[{"name":"wp","href":"https:\/\/api.w.org\/{rel}","templated":true}]}}